{"id":725,"date":"2024-06-26T08:46:02","date_gmt":"2024-06-26T08:46:02","guid":{"rendered":"https:\/\/begovic-bh.ba\/?post_type=product&#038;p=725"},"modified":"2025-12-09T12:55:10","modified_gmt":"2025-12-09T12:55:10","slug":"adbluepremium-kanister-10l-pakovanje","status":"publish","type":"product","link":"https:\/\/begovic-bh.ba\/it\/product\/adbluepremium-kanister-10l-pakovanje\/","title":{"rendered":"Tanica di AdBlue\u00ae (confezione da 5 litri)"},"content":{"rendered":"<p>Il liquido AdBlue\u00ae nel pratico contenitore da 5 litri rappresenta una soluzione affidabile per i conducenti e i proprietari di veicoli diesel. La nostra formula AdBlue\u00ae di alta qualit\u00e0 contribuisce a ridurre le emissioni nocive di ossidi di azoto (NOx) utilizzando la tecnologia di Riduzione Catalitica Selettiva (SCR), favorendo cos\u00ec un'aria pi\u00f9 pulita e la protezione dell'ambiente.<\/p>\n<p>Il confezionamento da 5 litri \u00e8 economico e pratico, ideale per periodi prolungati tra i rifornimenti. Questo imballaggio robusto facilita la gestione e lo stoccaggio, rendendolo perfetto per conducenti professionisti, flotte commerciali e utenti privati. La nostra soluzione AdBlue\u00ae soddisfa tutti gli standard europei pertinenti, garantendo prestazioni ottimali del vostro veicolo senza rischi di danneggiare il sistema SCR.<\/p>\n<p>Scegli AdBlue\u00ae in un canister da 5 litri per affidabilit\u00e0, qualit\u00e0 e responsabilit\u00e0 ecologica a ogni chilometro.<\/p>\n<p><img decoding=\"async\" class=\"alignnone size-medium wp-image-727\" src=\"https:\/\/begovic-bh.ba\/wp-content\/uploads\/2024\/06\/Asset-2-300x126.png\" alt=\"\" width=\"300\" height=\"126\" srcset=\"https:\/\/begovic-bh.ba\/wp-content\/uploads\/2024\/06\/Asset-2-300x126.png 300w, https:\/\/begovic-bh.ba\/wp-content\/uploads\/2024\/06\/Asset-2-600x252.png 600w, https:\/\/begovic-bh.ba\/wp-content\/uploads\/2024\/06\/Asset-2.png 656w\" sizes=\"(max-width: 300px) 100vw, 300px\" \/><\/p>","protected":false},"excerpt":{"rendered":"<p><strong>SKU:<\/strong> 3872840000246<\/p>","protected":false},"featured_media":1583,"comment_status":"open","ping_status":"closed","template":"","meta":{"_acf_changed":false},"product_cat":[50],"product_tag":[],"class_list":{"0":"post-725","1":"product","2":"type-product","3":"status-publish","4":"has-post-thumbnail","6":"product_cat-adblue","8":"first","9":"instock","10":"shipping-taxable","11":"product-type-simple"},"acf":[],"yoast_head":"<!-- This site is optimized with the Yoast SEO Premium plugin v23.1 (Yoast SEO v23.1) - https:\/\/yoast.com\/wordpress\/plugins\/seo\/ -->\n<title>AdBlue\u00aeKanister (5L pakovanje)<\/title>\n<meta name=\"description\" content=\"AdBlue\u00ae te\u010dnost u kanisteru od 5 litara predstavlja prakti\u010dno i pouzdano rje\u0161enje za voza\u010de i vlasnike vozila s dizelskim motorima.\" \/>\n<meta name=\"robots\" content=\"index, follow, max-snippet:-1, max-image-preview:large, max-video-preview:-1\" \/>\n<link rel=\"canonical\" href=\"https:\/\/begovic-bh.ba\/it\/product\/adbluepremium-kanister-10l-pakovanje\/\" \/>\n<meta property=\"og:locale\" content=\"it_IT\" \/>\n<meta property=\"og:type\" content=\"article\" \/>\n<meta property=\"og:title\" content=\"AdBlue\u00aeKanister (5L pakovanje)\" \/>\n<meta property=\"og:description\" content=\"AdBlue\u00ae te\u010dnost u kanisteru od 5 litara predstavlja prakti\u010dno i pouzdano rje\u0161enje za voza\u010de i vlasnike vozila s dizelskim motorima.\" \/>\n<meta property=\"og:url\" content=\"https:\/\/begovic-bh.ba\/it\/product\/adbluepremium-kanister-10l-pakovanje\/\" \/>\n<meta property=\"og:site_name\" content=\"Begovi\u0107 BH d.o.o.\" \/>\n<meta property=\"article:modified_time\" content=\"2025-12-09T12:55:10+00:00\" \/>\n<meta property=\"og:image\" content=\"https:\/\/begovic-bh.ba\/wp-content\/uploads\/2024\/06\/AdBlue-kanister-5l-1-Edited-1-1.jpg\" \/>\n\t<meta property=\"og:image:width\" content=\"800\" \/>\n\t<meta property=\"og:image:height\" content=\"672\" \/>\n\t<meta property=\"og:image:type\" content=\"image\/jpeg\" \/>\n<meta name=\"twitter:card\" content=\"summary_large_image\" \/>\n<meta name=\"twitter:label1\" content=\"Tempo di lettura stimato\" \/>\n\t<meta name=\"twitter:data1\" content=\"2 minuti\" \/>\n<script type=\"application\/ld+json\" class=\"yoast-schema-graph\">{\"@context\":\"https:\/\/schema.org\",\"@graph\":[{\"@type\":\"WebPage\",\"@id\":\"https:\/\/begovic-bh.ba\/product\/adbluepremium-kanister-10l-pakovanje\/\",\"url\":\"https:\/\/begovic-bh.ba\/product\/adbluepremium-kanister-10l-pakovanje\/\",\"name\":\"AdBlue\u00aeKanister (5L pakovanje)\",\"isPartOf\":{\"@id\":\"https:\/\/begovic-bh.ba\/#website\"},\"primaryImageOfPage\":{\"@id\":\"https:\/\/begovic-bh.ba\/product\/adbluepremium-kanister-10l-pakovanje\/#primaryimage\"},\"image\":{\"@id\":\"https:\/\/begovic-bh.ba\/product\/adbluepremium-kanister-10l-pakovanje\/#primaryimage\"},\"thumbnailUrl\":\"https:\/\/begovic-bh.ba\/wp-content\/uploads\/2024\/06\/AdBlue-kanister-5l-1-Edited-1-1.jpg\",\"datePublished\":\"2024-06-26T08:46:02+00:00\",\"dateModified\":\"2025-12-09T12:55:10+00:00\",\"description\":\"AdBlue\u00ae te\u010dnost u kanisteru od 5 litara predstavlja prakti\u010dno i pouzdano rje\u0161enje za voza\u010de i vlasnike vozila s dizelskim motorima.\",\"breadcrumb\":{\"@id\":\"https:\/\/begovic-bh.ba\/product\/adbluepremium-kanister-10l-pakovanje\/#breadcrumb\"},\"inLanguage\":\"it-IT\",\"potentialAction\":[{\"@type\":\"ReadAction\",\"target\":[\"https:\/\/begovic-bh.ba\/product\/adbluepremium-kanister-10l-pakovanje\/\"]}]},{\"@type\":\"ImageObject\",\"inLanguage\":\"it-IT\",\"@id\":\"https:\/\/begovic-bh.ba\/product\/adbluepremium-kanister-10l-pakovanje\/#primaryimage\",\"url\":\"https:\/\/begovic-bh.ba\/wp-content\/uploads\/2024\/06\/AdBlue-kanister-5l-1-Edited-1-1.jpg\",\"contentUrl\":\"https:\/\/begovic-bh.ba\/wp-content\/uploads\/2024\/06\/AdBlue-kanister-5l-1-Edited-1-1.jpg\",\"width\":800,\"height\":672},{\"@type\":\"BreadcrumbList\",\"@id\":\"https:\/\/begovic-bh.ba\/product\/adbluepremium-kanister-10l-pakovanje\/#breadcrumb\",\"itemListElement\":[{\"@type\":\"ListItem\",\"position\":1,\"name\":\"Home\",\"item\":\"https:\/\/begovic-bh.ba\/\"},{\"@type\":\"ListItem\",\"position\":2,\"name\":\"Products\",\"item\":\"https:\/\/begovic-bh.ba\/shop\/\"},{\"@type\":\"ListItem\",\"position\":3,\"name\":\"AdBlue\u00aeKanister (5L pakovanje)\"}]},{\"@type\":\"WebSite\",\"@id\":\"https:\/\/begovic-bh.ba\/#website\",\"url\":\"https:\/\/begovic-bh.ba\/\",\"name\":\"Begovic BH d.o.o.\",\"description\":\"AdBlue distributer\",\"publisher\":{\"@id\":\"https:\/\/begovic-bh.ba\/#organization\"},\"potentialAction\":[{\"@type\":\"SearchAction\",\"target\":{\"@type\":\"EntryPoint\",\"urlTemplate\":\"https:\/\/begovic-bh.ba\/?s={search_term_string}\"},\"query-input\":\"required name=search_term_string\"}],\"inLanguage\":\"it-IT\"},{\"@type\":\"Organization\",\"@id\":\"https:\/\/begovic-bh.ba\/#organization\",\"name\":\"Begovic BH d.o.o.\",\"url\":\"https:\/\/begovic-bh.ba\/\",\"logo\":{\"@type\":\"ImageObject\",\"inLanguage\":\"it-IT\",\"@id\":\"https:\/\/begovic-bh.ba\/#\/schema\/logo\/image\/\",\"url\":\"https:\/\/begovic-bh.ba\/wp-content\/uploads\/2024\/06\/bb-512.jpg\",\"contentUrl\":\"https:\/\/begovic-bh.ba\/wp-content\/uploads\/2024\/06\/bb-512.jpg\",\"width\":512,\"height\":512,\"caption\":\"Begovic BH d.o.o.\"},\"image\":{\"@id\":\"https:\/\/begovic-bh.ba\/#\/schema\/logo\/image\/\"}}]}<\/script>\n<!-- \/ Yoast SEO Premium plugin. -->","yoast_head_json":{"title":"AdBlue\u00aeKanister (5L pakovanje)","description":"AdBlue\u00ae te\u010dnost u kanisteru od 5 litara predstavlja prakti\u010dno i pouzdano rje\u0161enje za voza\u010de i vlasnike vozila s dizelskim motorima.","robots":{"index":"index","follow":"follow","max-snippet":"max-snippet:-1","max-image-preview":"max-image-preview:large","max-video-preview":"max-video-preview:-1"},"canonical":"https:\/\/begovic-bh.ba\/it\/product\/adbluepremium-kanister-10l-pakovanje\/","og_locale":"it_IT","og_type":"article","og_title":"AdBlue\u00aeKanister (5L pakovanje)","og_description":"AdBlue\u00ae te\u010dnost u kanisteru od 5 litara predstavlja prakti\u010dno i pouzdano rje\u0161enje za voza\u010de i vlasnike vozila s dizelskim motorima.","og_url":"https:\/\/begovic-bh.ba\/it\/product\/adbluepremium-kanister-10l-pakovanje\/","og_site_name":"Begovi\u0107 BH d.o.o.","article_modified_time":"2025-12-09T12:55:10+00:00","og_image":[{"width":800,"height":672,"url":"https:\/\/begovic-bh.ba\/wp-content\/uploads\/2024\/06\/AdBlue-kanister-5l-1-Edited-1-1.jpg","type":"image\/jpeg"}],"twitter_card":"summary_large_image","twitter_misc":{"Tempo di lettura stimato":"2 minuti"},"schema":{"@context":"https:\/\/schema.org","@graph":[{"@type":"WebPage","@id":"https:\/\/begovic-bh.ba\/product\/adbluepremium-kanister-10l-pakovanje\/","url":"https:\/\/begovic-bh.ba\/product\/adbluepremium-kanister-10l-pakovanje\/","name":"AdBlue\u00aeKanister (5L pakovanje)","isPartOf":{"@id":"https:\/\/begovic-bh.ba\/#website"},"primaryImageOfPage":{"@id":"https:\/\/begovic-bh.ba\/product\/adbluepremium-kanister-10l-pakovanje\/#primaryimage"},"image":{"@id":"https:\/\/begovic-bh.ba\/product\/adbluepremium-kanister-10l-pakovanje\/#primaryimage"},"thumbnailUrl":"https:\/\/begovic-bh.ba\/wp-content\/uploads\/2024\/06\/AdBlue-kanister-5l-1-Edited-1-1.jpg","datePublished":"2024-06-26T08:46:02+00:00","dateModified":"2025-12-09T12:55:10+00:00","description":"AdBlue\u00ae te\u010dnost u kanisteru od 5 litara predstavlja prakti\u010dno i pouzdano rje\u0161enje za voza\u010de i vlasnike vozila s dizelskim motorima.","breadcrumb":{"@id":"https:\/\/begovic-bh.ba\/product\/adbluepremium-kanister-10l-pakovanje\/#breadcrumb"},"inLanguage":"it-IT","potentialAction":[{"@type":"ReadAction","target":["https:\/\/begovic-bh.ba\/product\/adbluepremium-kanister-10l-pakovanje\/"]}]},{"@type":"ImageObject","inLanguage":"it-IT","@id":"https:\/\/begovic-bh.ba\/product\/adbluepremium-kanister-10l-pakovanje\/#primaryimage","url":"https:\/\/begovic-bh.ba\/wp-content\/uploads\/2024\/06\/AdBlue-kanister-5l-1-Edited-1-1.jpg","contentUrl":"https:\/\/begovic-bh.ba\/wp-content\/uploads\/2024\/06\/AdBlue-kanister-5l-1-Edited-1-1.jpg","width":800,"height":672},{"@type":"BreadcrumbList","@id":"https:\/\/begovic-bh.ba\/product\/adbluepremium-kanister-10l-pakovanje\/#breadcrumb","itemListElement":[{"@type":"ListItem","position":1,"name":"Home","item":"https:\/\/begovic-bh.ba\/"},{"@type":"ListItem","position":2,"name":"Products","item":"https:\/\/begovic-bh.ba\/shop\/"},{"@type":"ListItem","position":3,"name":"AdBlue\u00aeKanister (5L pakovanje)"}]},{"@type":"WebSite","@id":"https:\/\/begovic-bh.ba\/#website","url":"https:\/\/begovic-bh.ba\/","name":"Begovic BH d.o.o.","description":"AdBlue distributer","publisher":{"@id":"https:\/\/begovic-bh.ba\/#organization"},"potentialAction":[{"@type":"SearchAction","target":{"@type":"EntryPoint","urlTemplate":"https:\/\/begovic-bh.ba\/?s={search_term_string}"},"query-input":"required name=search_term_string"}],"inLanguage":"it-IT"},{"@type":"Organization","@id":"https:\/\/begovic-bh.ba\/#organization","name":"Begovic BH d.o.o.","url":"https:\/\/begovic-bh.ba\/","logo":{"@type":"ImageObject","inLanguage":"it-IT","@id":"https:\/\/begovic-bh.ba\/#\/schema\/logo\/image\/","url":"https:\/\/begovic-bh.ba\/wp-content\/uploads\/2024\/06\/bb-512.jpg","contentUrl":"https:\/\/begovic-bh.ba\/wp-content\/uploads\/2024\/06\/bb-512.jpg","width":512,"height":512,"caption":"Begovic BH d.o.o."},"image":{"@id":"https:\/\/begovic-bh.ba\/#\/schema\/logo\/image\/"}}]}},"_links":{"self":[{"href":"https:\/\/begovic-bh.ba\/it\/wp-json\/wp\/v2\/product\/725","targetHints":{"allow":["GET"]}}],"collection":[{"href":"https:\/\/begovic-bh.ba\/it\/wp-json\/wp\/v2\/product"}],"about":[{"href":"https:\/\/begovic-bh.ba\/it\/wp-json\/wp\/v2\/types\/product"}],"replies":[{"embeddable":true,"href":"https:\/\/begovic-bh.ba\/it\/wp-json\/wp\/v2\/comments?post=725"}],"wp:featuredmedia":[{"embeddable":true,"href":"https:\/\/begovic-bh.ba\/it\/wp-json\/wp\/v2\/media\/1583"}],"wp:attachment":[{"href":"https:\/\/begovic-bh.ba\/it\/wp-json\/wp\/v2\/media?parent=725"}],"wp:term":[{"taxonomy":"product_cat","embeddable":true,"href":"https:\/\/begovic-bh.ba\/it\/wp-json\/wp\/v2\/product_cat?post=725"},{"taxonomy":"product_tag","embeddable":true,"href":"https:\/\/begovic-bh.ba\/it\/wp-json\/wp\/v2\/product_tag?post=725"}],"curies":[{"name":"wp","href":"https:\/\/api.w.org\/{rel}","templated":true}]}}