{"id":1132,"date":"2024-06-27T15:27:52","date_gmt":"2024-06-27T15:27:52","guid":{"rendered":"https:\/\/begovic-bh.ba\/?post_type=product&#038;p=1132"},"modified":"2025-12-09T12:32:19","modified_gmt":"2025-12-09T12:32:19","slug":"aparati-za-istakanje-adblue-tecnosti","status":"publish","type":"product","link":"https:\/\/begovic-bh.ba\/it\/product\/aparati-za-istakanje-adblue-tecnosti\/","title":{"rendered":"Dispanzer za AdBlue\u00ae Standard"},"content":{"rendered":"<p><strong>Dispositivi per il prelievo di AdBlue\u00ae<\/strong><\/p>\n<p>I nostri dispositivi per il prelievo di AdBlue\u00ae sono progettati per offrire semplicit\u00e0, sicurezza ed efficienza in ogni ricarica. Realizzati con materiali di alta qualit\u00e0, questi dispositivi garantiscono affidabilit\u00e0 e lunga durata.<\/p>\n<h3>Caratteristiche principali:<\/h3>\n<ul>\n<li><strong>Facile da usare:<\/strong> I nostri dispositivi sono intuitivi e facili da usare, consentendo un riempimento rapido e preciso del liquido AdBlue\u00ae.<\/li>\n<li><strong>Sicurezza:<\/strong> Sono progettati per ridurre al minimo il rischio di fuoriuscite e contaminazioni, garantendo un riempimento sicuro e pulito.<\/li>\n<li><strong>Alta efficienza:<\/strong> Ottimizzati per velocit\u00e0 e affidabilit\u00e0, i nostri dispositivi consentono un rapido rifornimento, riducendo i tempi di inattivit\u00e0 dei veicoli.<\/li>\n<li><strong>Durabilit\u00e0:<\/strong> Realizzati con materiali robusti, sono resistenti all'usura e alla corrosione, garantendo una lunga durata.<\/li>\n<\/ul>","protected":false},"excerpt":{"rendered":"<p>Aparati za istakanje AdBlue\u00ae te\u010dnosti Na\u0161i aparati za istakanje AdBlue\u00ae te\u010dnosti su dizajnirani da pru\u017eaju jednostavnost, sigurnost i efikasnost pri svakom punjenju. Izra\u0111eni od visokokvalitetnih materijala, ovi aparati osiguravaju pouzdanost i dugotrajan rad- Klju\u010dne karakteristike: Jednostavna upotreba: Na\u0161i aparati su intuitivni i laki za rukovanje, omogu\u0107avaju\u0107i brzo i precizno punjenje AdBlue\u00ae te\u010dnosti. Sigurnost: Dizajnirani su [&hellip;]<\/p>","protected":false},"featured_media":1580,"comment_status":"open","ping_status":"closed","template":"","meta":{"_acf_changed":false},"product_cat":[58],"product_tag":[],"class_list":{"0":"post-1132","1":"product","2":"type-product","3":"status-publish","4":"has-post-thumbnail","6":"product_cat-aparati","8":"first","9":"instock","10":"shipping-taxable","11":"product-type-simple"},"acf":[],"yoast_head":"<!-- This site is optimized with the Yoast SEO Premium plugin v23.1 (Yoast SEO v23.1) - https:\/\/yoast.com\/wordpress\/plugins\/seo\/ -->\n<title>Aparati za istakanje AdBlue te\u010dnosti<\/title>\n<meta name=\"description\" content=\"Jednostavna upotreba: Na\u0161i aparati su intuitivni i laki za rukovanje, omogu\u0107avaju\u0107i brzo i precizno punjenje AdBlue\u00ae te\u010dnosti.\" \/>\n<meta name=\"robots\" content=\"index, follow, max-snippet:-1, max-image-preview:large, max-video-preview:-1\" \/>\n<link rel=\"canonical\" href=\"https:\/\/begovic-bh.ba\/it\/product\/aparati-za-istakanje-adblue-tecnosti\/\" \/>\n<meta property=\"og:locale\" content=\"it_IT\" \/>\n<meta property=\"og:type\" content=\"article\" \/>\n<meta property=\"og:title\" content=\"Dispanzer za AdBlue\u00ae Standard\" \/>\n<meta property=\"og:description\" content=\"Jednostavna upotreba: Na\u0161i aparati su intuitivni i laki za rukovanje, omogu\u0107avaju\u0107i brzo i precizno punjenje AdBlue\u00ae te\u010dnosti.\" \/>\n<meta property=\"og:url\" content=\"https:\/\/begovic-bh.ba\/it\/product\/aparati-za-istakanje-adblue-tecnosti\/\" \/>\n<meta property=\"og:site_name\" content=\"Begovi\u0107 BH d.o.o.\" \/>\n<meta property=\"article:modified_time\" content=\"2025-12-09T12:32:19+00:00\" \/>\n<meta property=\"og:image\" content=\"https:\/\/begovic-bh.ba\/wp-content\/uploads\/2024\/06\/Aparat-ad-blue-1-Edited.jpg\" \/>\n\t<meta property=\"og:image:width\" content=\"800\" \/>\n\t<meta property=\"og:image:height\" content=\"672\" \/>\n\t<meta property=\"og:image:type\" content=\"image\/jpeg\" \/>\n<meta name=\"twitter:card\" content=\"summary_large_image\" \/>\n<meta name=\"twitter:label1\" content=\"Tempo di lettura stimato\" \/>\n\t<meta name=\"twitter:data1\" content=\"1 minuto\" \/>\n<script type=\"application\/ld+json\" class=\"yoast-schema-graph\">{\"@context\":\"https:\/\/schema.org\",\"@graph\":[{\"@type\":\"WebPage\",\"@id\":\"https:\/\/begovic-bh.ba\/product\/aparati-za-istakanje-adblue-tecnosti\/\",\"url\":\"https:\/\/begovic-bh.ba\/product\/aparati-za-istakanje-adblue-tecnosti\/\",\"name\":\"Aparati za istakanje AdBlue te\u010dnosti\",\"isPartOf\":{\"@id\":\"https:\/\/begovic-bh.ba\/#website\"},\"primaryImageOfPage\":{\"@id\":\"https:\/\/begovic-bh.ba\/product\/aparati-za-istakanje-adblue-tecnosti\/#primaryimage\"},\"image\":{\"@id\":\"https:\/\/begovic-bh.ba\/product\/aparati-za-istakanje-adblue-tecnosti\/#primaryimage\"},\"thumbnailUrl\":\"https:\/\/begovic-bh.ba\/wp-content\/uploads\/2024\/06\/Aparat-ad-blue-1-Edited.jpg\",\"datePublished\":\"2024-06-27T15:27:52+00:00\",\"dateModified\":\"2025-12-09T12:32:19+00:00\",\"description\":\"Jednostavna upotreba: Na\u0161i aparati su intuitivni i laki za rukovanje, omogu\u0107avaju\u0107i brzo i precizno punjenje AdBlue\u00ae te\u010dnosti.\",\"breadcrumb\":{\"@id\":\"https:\/\/begovic-bh.ba\/product\/aparati-za-istakanje-adblue-tecnosti\/#breadcrumb\"},\"inLanguage\":\"it-IT\",\"potentialAction\":[{\"@type\":\"ReadAction\",\"target\":[\"https:\/\/begovic-bh.ba\/product\/aparati-za-istakanje-adblue-tecnosti\/\"]}]},{\"@type\":\"ImageObject\",\"inLanguage\":\"it-IT\",\"@id\":\"https:\/\/begovic-bh.ba\/product\/aparati-za-istakanje-adblue-tecnosti\/#primaryimage\",\"url\":\"https:\/\/begovic-bh.ba\/wp-content\/uploads\/2024\/06\/Aparat-ad-blue-1-Edited.jpg\",\"contentUrl\":\"https:\/\/begovic-bh.ba\/wp-content\/uploads\/2024\/06\/Aparat-ad-blue-1-Edited.jpg\",\"width\":800,\"height\":672},{\"@type\":\"BreadcrumbList\",\"@id\":\"https:\/\/begovic-bh.ba\/product\/aparati-za-istakanje-adblue-tecnosti\/#breadcrumb\",\"itemListElement\":[{\"@type\":\"ListItem\",\"position\":1,\"name\":\"Home\",\"item\":\"https:\/\/begovic-bh.ba\/\"},{\"@type\":\"ListItem\",\"position\":2,\"name\":\"Products\",\"item\":\"https:\/\/begovic-bh.ba\/shop\/\"},{\"@type\":\"ListItem\",\"position\":3,\"name\":\"Dispanzer za AdBlue\u00ae Standard\"}]},{\"@type\":\"WebSite\",\"@id\":\"https:\/\/begovic-bh.ba\/#website\",\"url\":\"https:\/\/begovic-bh.ba\/\",\"name\":\"Begovic BH d.o.o.\",\"description\":\"AdBlue distributer\",\"publisher\":{\"@id\":\"https:\/\/begovic-bh.ba\/#organization\"},\"potentialAction\":[{\"@type\":\"SearchAction\",\"target\":{\"@type\":\"EntryPoint\",\"urlTemplate\":\"https:\/\/begovic-bh.ba\/?s={search_term_string}\"},\"query-input\":\"required name=search_term_string\"}],\"inLanguage\":\"it-IT\"},{\"@type\":\"Organization\",\"@id\":\"https:\/\/begovic-bh.ba\/#organization\",\"name\":\"Begovic BH d.o.o.\",\"url\":\"https:\/\/begovic-bh.ba\/\",\"logo\":{\"@type\":\"ImageObject\",\"inLanguage\":\"it-IT\",\"@id\":\"https:\/\/begovic-bh.ba\/#\/schema\/logo\/image\/\",\"url\":\"https:\/\/begovic-bh.ba\/wp-content\/uploads\/2024\/06\/bb-512.jpg\",\"contentUrl\":\"https:\/\/begovic-bh.ba\/wp-content\/uploads\/2024\/06\/bb-512.jpg\",\"width\":512,\"height\":512,\"caption\":\"Begovic BH d.o.o.\"},\"image\":{\"@id\":\"https:\/\/begovic-bh.ba\/#\/schema\/logo\/image\/\"}}]}<\/script>\n<!-- \/ Yoast SEO Premium plugin. -->","yoast_head_json":{"title":"Aparati za istakanje AdBlue te\u010dnosti","description":"Jednostavna upotreba: Na\u0161i aparati su intuitivni i laki za rukovanje, omogu\u0107avaju\u0107i brzo i precizno punjenje AdBlue\u00ae te\u010dnosti.","robots":{"index":"index","follow":"follow","max-snippet":"max-snippet:-1","max-image-preview":"max-image-preview:large","max-video-preview":"max-video-preview:-1"},"canonical":"https:\/\/begovic-bh.ba\/it\/product\/aparati-za-istakanje-adblue-tecnosti\/","og_locale":"it_IT","og_type":"article","og_title":"Dispanzer za AdBlue\u00ae Standard","og_description":"Jednostavna upotreba: Na\u0161i aparati su intuitivni i laki za rukovanje, omogu\u0107avaju\u0107i brzo i precizno punjenje AdBlue\u00ae te\u010dnosti.","og_url":"https:\/\/begovic-bh.ba\/it\/product\/aparati-za-istakanje-adblue-tecnosti\/","og_site_name":"Begovi\u0107 BH d.o.o.","article_modified_time":"2025-12-09T12:32:19+00:00","og_image":[{"width":800,"height":672,"url":"https:\/\/begovic-bh.ba\/wp-content\/uploads\/2024\/06\/Aparat-ad-blue-1-Edited.jpg","type":"image\/jpeg"}],"twitter_card":"summary_large_image","twitter_misc":{"Tempo di lettura stimato":"1 minuto"},"schema":{"@context":"https:\/\/schema.org","@graph":[{"@type":"WebPage","@id":"https:\/\/begovic-bh.ba\/product\/aparati-za-istakanje-adblue-tecnosti\/","url":"https:\/\/begovic-bh.ba\/product\/aparati-za-istakanje-adblue-tecnosti\/","name":"Aparati za istakanje AdBlue te\u010dnosti","isPartOf":{"@id":"https:\/\/begovic-bh.ba\/#website"},"primaryImageOfPage":{"@id":"https:\/\/begovic-bh.ba\/product\/aparati-za-istakanje-adblue-tecnosti\/#primaryimage"},"image":{"@id":"https:\/\/begovic-bh.ba\/product\/aparati-za-istakanje-adblue-tecnosti\/#primaryimage"},"thumbnailUrl":"https:\/\/begovic-bh.ba\/wp-content\/uploads\/2024\/06\/Aparat-ad-blue-1-Edited.jpg","datePublished":"2024-06-27T15:27:52+00:00","dateModified":"2025-12-09T12:32:19+00:00","description":"Jednostavna upotreba: Na\u0161i aparati su intuitivni i laki za rukovanje, omogu\u0107avaju\u0107i brzo i precizno punjenje AdBlue\u00ae te\u010dnosti.","breadcrumb":{"@id":"https:\/\/begovic-bh.ba\/product\/aparati-za-istakanje-adblue-tecnosti\/#breadcrumb"},"inLanguage":"it-IT","potentialAction":[{"@type":"ReadAction","target":["https:\/\/begovic-bh.ba\/product\/aparati-za-istakanje-adblue-tecnosti\/"]}]},{"@type":"ImageObject","inLanguage":"it-IT","@id":"https:\/\/begovic-bh.ba\/product\/aparati-za-istakanje-adblue-tecnosti\/#primaryimage","url":"https:\/\/begovic-bh.ba\/wp-content\/uploads\/2024\/06\/Aparat-ad-blue-1-Edited.jpg","contentUrl":"https:\/\/begovic-bh.ba\/wp-content\/uploads\/2024\/06\/Aparat-ad-blue-1-Edited.jpg","width":800,"height":672},{"@type":"BreadcrumbList","@id":"https:\/\/begovic-bh.ba\/product\/aparati-za-istakanje-adblue-tecnosti\/#breadcrumb","itemListElement":[{"@type":"ListItem","position":1,"name":"Home","item":"https:\/\/begovic-bh.ba\/"},{"@type":"ListItem","position":2,"name":"Products","item":"https:\/\/begovic-bh.ba\/shop\/"},{"@type":"ListItem","position":3,"name":"Dispanzer za AdBlue\u00ae Standard"}]},{"@type":"WebSite","@id":"https:\/\/begovic-bh.ba\/#website","url":"https:\/\/begovic-bh.ba\/","name":"Begovic BH d.o.o.","description":"AdBlue distributer","publisher":{"@id":"https:\/\/begovic-bh.ba\/#organization"},"potentialAction":[{"@type":"SearchAction","target":{"@type":"EntryPoint","urlTemplate":"https:\/\/begovic-bh.ba\/?s={search_term_string}"},"query-input":"required name=search_term_string"}],"inLanguage":"it-IT"},{"@type":"Organization","@id":"https:\/\/begovic-bh.ba\/#organization","name":"Begovic BH d.o.o.","url":"https:\/\/begovic-bh.ba\/","logo":{"@type":"ImageObject","inLanguage":"it-IT","@id":"https:\/\/begovic-bh.ba\/#\/schema\/logo\/image\/","url":"https:\/\/begovic-bh.ba\/wp-content\/uploads\/2024\/06\/bb-512.jpg","contentUrl":"https:\/\/begovic-bh.ba\/wp-content\/uploads\/2024\/06\/bb-512.jpg","width":512,"height":512,"caption":"Begovic BH d.o.o."},"image":{"@id":"https:\/\/begovic-bh.ba\/#\/schema\/logo\/image\/"}}]}},"_links":{"self":[{"href":"https:\/\/begovic-bh.ba\/it\/wp-json\/wp\/v2\/product\/1132","targetHints":{"allow":["GET"]}}],"collection":[{"href":"https:\/\/begovic-bh.ba\/it\/wp-json\/wp\/v2\/product"}],"about":[{"href":"https:\/\/begovic-bh.ba\/it\/wp-json\/wp\/v2\/types\/product"}],"replies":[{"embeddable":true,"href":"https:\/\/begovic-bh.ba\/it\/wp-json\/wp\/v2\/comments?post=1132"}],"wp:featuredmedia":[{"embeddable":true,"href":"https:\/\/begovic-bh.ba\/it\/wp-json\/wp\/v2\/media\/1580"}],"wp:attachment":[{"href":"https:\/\/begovic-bh.ba\/it\/wp-json\/wp\/v2\/media?parent=1132"}],"wp:term":[{"taxonomy":"product_cat","embeddable":true,"href":"https:\/\/begovic-bh.ba\/it\/wp-json\/wp\/v2\/product_cat?post=1132"},{"taxonomy":"product_tag","embeddable":true,"href":"https:\/\/begovic-bh.ba\/it\/wp-json\/wp\/v2\/product_tag?post=1132"}],"curies":[{"name":"wp","href":"https:\/\/api.w.org\/{rel}","templated":true}]}}