{"id":725,"date":"2024-06-26T08:46:02","date_gmt":"2024-06-26T08:46:02","guid":{"rendered":"https:\/\/begovic-bh.ba\/?post_type=product&#038;p=725"},"modified":"2025-12-09T12:55:10","modified_gmt":"2025-12-09T12:55:10","slug":"adbluepremium-kanister-10l-pakovanje","status":"publish","type":"product","link":"https:\/\/begovic-bh.ba\/en\/product\/adbluepremium-kanister-10l-pakovanje\/","title":{"rendered":"AdBlue\u00ae canister (5L packaging)"},"content":{"rendered":"<p>AdBlue\u00ae liquid in a 5-liter canister is a practical and reliable solution for drivers and owners of diesel vehicles. Our high-quality AdBlue\u00ae formula helps reduce harmful nitrogen oxide (NOx) emissions using Selective Catalytic Reduction (SCR) technology, thus contributing to cleaner air and environmental protection.<\/p>\n<p>The 5-liter packaging is economical and practical, ideal for longer periods between refills. This robust packaging makes handling and storage easy, making it perfect for professional drivers, commercial fleets, and private users. Our AdBlue\u00ae liquid meets all relevant European standards, ensuring optimal performance for your vehicle without the risk of damaging the SCR system.<\/p>\n<p>Choose AdBlue\u00ae in a 5-liter canister for reliability, quality, and environmental responsibility on every kilometer.<\/p>\n<p><img decoding=\"async\" class=\"alignnone size-medium wp-image-727\" src=\"https:\/\/begovic-bh.ba\/wp-content\/uploads\/2024\/06\/Asset-2-300x126.png\" alt=\"\" width=\"300\" height=\"126\" srcset=\"https:\/\/begovic-bh.ba\/wp-content\/uploads\/2024\/06\/Asset-2-300x126.png 300w, https:\/\/begovic-bh.ba\/wp-content\/uploads\/2024\/06\/Asset-2-600x252.png 600w, https:\/\/begovic-bh.ba\/wp-content\/uploads\/2024\/06\/Asset-2.png 656w\" sizes=\"(max-width: 300px) 100vw, 300px\" \/><\/p>","protected":false},"excerpt":{"rendered":"<p><strong>SKU:<\/strong> 3872840000246<\/p>","protected":false},"featured_media":1583,"comment_status":"open","ping_status":"closed","template":"","meta":{"_acf_changed":false},"product_cat":[50],"product_tag":[],"class_list":{"0":"post-725","1":"product","2":"type-product","3":"status-publish","4":"has-post-thumbnail","6":"product_cat-adblue","8":"first","9":"instock","10":"shipping-taxable","11":"product-type-simple"},"acf":[],"yoast_head":"<!-- This site is optimized with the Yoast SEO Premium plugin v23.1 (Yoast SEO v23.1) - https:\/\/yoast.com\/wordpress\/plugins\/seo\/ -->\n<title>AdBlue\u00aeKanister (5L pakovanje)<\/title>\n<meta name=\"description\" content=\"AdBlue\u00ae te\u010dnost u kanisteru od 5 litara predstavlja prakti\u010dno i pouzdano rje\u0161enje za voza\u010de i vlasnike vozila s dizelskim motorima.\" \/>\n<meta name=\"robots\" content=\"index, follow, max-snippet:-1, max-image-preview:large, max-video-preview:-1\" \/>\n<link rel=\"canonical\" href=\"https:\/\/begovic-bh.ba\/en\/product\/adbluepremium-kanister-10l-pakovanje\/\" \/>\n<meta property=\"og:locale\" content=\"en_GB\" \/>\n<meta property=\"og:type\" content=\"article\" \/>\n<meta property=\"og:title\" content=\"AdBlue\u00aeKanister (5L pakovanje)\" \/>\n<meta property=\"og:description\" content=\"AdBlue\u00ae te\u010dnost u kanisteru od 5 litara predstavlja prakti\u010dno i pouzdano rje\u0161enje za voza\u010de i vlasnike vozila s dizelskim motorima.\" \/>\n<meta property=\"og:url\" content=\"https:\/\/begovic-bh.ba\/en\/product\/adbluepremium-kanister-10l-pakovanje\/\" \/>\n<meta property=\"og:site_name\" content=\"Begovi\u0107 BH d.o.o.\" \/>\n<meta property=\"article:modified_time\" content=\"2025-12-09T12:55:10+00:00\" \/>\n<meta property=\"og:image\" content=\"https:\/\/begovic-bh.ba\/wp-content\/uploads\/2024\/06\/AdBlue-kanister-5l-1-Edited-1-1.jpg\" \/>\n\t<meta property=\"og:image:width\" content=\"800\" \/>\n\t<meta property=\"og:image:height\" content=\"672\" \/>\n\t<meta property=\"og:image:type\" content=\"image\/jpeg\" \/>\n<meta name=\"twitter:card\" content=\"summary_large_image\" \/>\n<meta name=\"twitter:label1\" content=\"Estimated reading time\" \/>\n\t<meta name=\"twitter:data1\" content=\"2 minutes\" \/>\n<script type=\"application\/ld+json\" class=\"yoast-schema-graph\">{\"@context\":\"https:\/\/schema.org\",\"@graph\":[{\"@type\":\"WebPage\",\"@id\":\"https:\/\/begovic-bh.ba\/product\/adbluepremium-kanister-10l-pakovanje\/\",\"url\":\"https:\/\/begovic-bh.ba\/product\/adbluepremium-kanister-10l-pakovanje\/\",\"name\":\"AdBlue\u00aeKanister (5L pakovanje)\",\"isPartOf\":{\"@id\":\"https:\/\/begovic-bh.ba\/#website\"},\"primaryImageOfPage\":{\"@id\":\"https:\/\/begovic-bh.ba\/product\/adbluepremium-kanister-10l-pakovanje\/#primaryimage\"},\"image\":{\"@id\":\"https:\/\/begovic-bh.ba\/product\/adbluepremium-kanister-10l-pakovanje\/#primaryimage\"},\"thumbnailUrl\":\"https:\/\/begovic-bh.ba\/wp-content\/uploads\/2024\/06\/AdBlue-kanister-5l-1-Edited-1-1.jpg\",\"datePublished\":\"2024-06-26T08:46:02+00:00\",\"dateModified\":\"2025-12-09T12:55:10+00:00\",\"description\":\"AdBlue\u00ae te\u010dnost u kanisteru od 5 litara predstavlja prakti\u010dno i pouzdano rje\u0161enje za voza\u010de i vlasnike vozila s dizelskim motorima.\",\"breadcrumb\":{\"@id\":\"https:\/\/begovic-bh.ba\/product\/adbluepremium-kanister-10l-pakovanje\/#breadcrumb\"},\"inLanguage\":\"en-GB\",\"potentialAction\":[{\"@type\":\"ReadAction\",\"target\":[\"https:\/\/begovic-bh.ba\/product\/adbluepremium-kanister-10l-pakovanje\/\"]}]},{\"@type\":\"ImageObject\",\"inLanguage\":\"en-GB\",\"@id\":\"https:\/\/begovic-bh.ba\/product\/adbluepremium-kanister-10l-pakovanje\/#primaryimage\",\"url\":\"https:\/\/begovic-bh.ba\/wp-content\/uploads\/2024\/06\/AdBlue-kanister-5l-1-Edited-1-1.jpg\",\"contentUrl\":\"https:\/\/begovic-bh.ba\/wp-content\/uploads\/2024\/06\/AdBlue-kanister-5l-1-Edited-1-1.jpg\",\"width\":800,\"height\":672},{\"@type\":\"BreadcrumbList\",\"@id\":\"https:\/\/begovic-bh.ba\/product\/adbluepremium-kanister-10l-pakovanje\/#breadcrumb\",\"itemListElement\":[{\"@type\":\"ListItem\",\"position\":1,\"name\":\"Home\",\"item\":\"https:\/\/begovic-bh.ba\/\"},{\"@type\":\"ListItem\",\"position\":2,\"name\":\"Products\",\"item\":\"https:\/\/begovic-bh.ba\/shop\/\"},{\"@type\":\"ListItem\",\"position\":3,\"name\":\"AdBlue\u00aeKanister (5L pakovanje)\"}]},{\"@type\":\"WebSite\",\"@id\":\"https:\/\/begovic-bh.ba\/#website\",\"url\":\"https:\/\/begovic-bh.ba\/\",\"name\":\"Begovic BH d.o.o.\",\"description\":\"AdBlue distributer\",\"publisher\":{\"@id\":\"https:\/\/begovic-bh.ba\/#organization\"},\"potentialAction\":[{\"@type\":\"SearchAction\",\"target\":{\"@type\":\"EntryPoint\",\"urlTemplate\":\"https:\/\/begovic-bh.ba\/?s={search_term_string}\"},\"query-input\":\"required name=search_term_string\"}],\"inLanguage\":\"en-GB\"},{\"@type\":\"Organization\",\"@id\":\"https:\/\/begovic-bh.ba\/#organization\",\"name\":\"Begovic BH d.o.o.\",\"url\":\"https:\/\/begovic-bh.ba\/\",\"logo\":{\"@type\":\"ImageObject\",\"inLanguage\":\"en-GB\",\"@id\":\"https:\/\/begovic-bh.ba\/#\/schema\/logo\/image\/\",\"url\":\"https:\/\/begovic-bh.ba\/wp-content\/uploads\/2024\/06\/bb-512.jpg\",\"contentUrl\":\"https:\/\/begovic-bh.ba\/wp-content\/uploads\/2024\/06\/bb-512.jpg\",\"width\":512,\"height\":512,\"caption\":\"Begovic BH d.o.o.\"},\"image\":{\"@id\":\"https:\/\/begovic-bh.ba\/#\/schema\/logo\/image\/\"}}]}<\/script>\n<!-- \/ Yoast SEO Premium plugin. -->","yoast_head_json":{"title":"AdBlue\u00aeKanister (5L pakovanje)","description":"AdBlue\u00ae te\u010dnost u kanisteru od 5 litara predstavlja prakti\u010dno i pouzdano rje\u0161enje za voza\u010de i vlasnike vozila s dizelskim motorima.","robots":{"index":"index","follow":"follow","max-snippet":"max-snippet:-1","max-image-preview":"max-image-preview:large","max-video-preview":"max-video-preview:-1"},"canonical":"https:\/\/begovic-bh.ba\/en\/product\/adbluepremium-kanister-10l-pakovanje\/","og_locale":"en_GB","og_type":"article","og_title":"AdBlue\u00aeKanister (5L pakovanje)","og_description":"AdBlue\u00ae te\u010dnost u kanisteru od 5 litara predstavlja prakti\u010dno i pouzdano rje\u0161enje za voza\u010de i vlasnike vozila s dizelskim motorima.","og_url":"https:\/\/begovic-bh.ba\/en\/product\/adbluepremium-kanister-10l-pakovanje\/","og_site_name":"Begovi\u0107 BH d.o.o.","article_modified_time":"2025-12-09T12:55:10+00:00","og_image":[{"width":800,"height":672,"url":"https:\/\/begovic-bh.ba\/wp-content\/uploads\/2024\/06\/AdBlue-kanister-5l-1-Edited-1-1.jpg","type":"image\/jpeg"}],"twitter_card":"summary_large_image","twitter_misc":{"Estimated reading time":"2 minutes"},"schema":{"@context":"https:\/\/schema.org","@graph":[{"@type":"WebPage","@id":"https:\/\/begovic-bh.ba\/product\/adbluepremium-kanister-10l-pakovanje\/","url":"https:\/\/begovic-bh.ba\/product\/adbluepremium-kanister-10l-pakovanje\/","name":"AdBlue\u00aeKanister (5L pakovanje)","isPartOf":{"@id":"https:\/\/begovic-bh.ba\/#website"},"primaryImageOfPage":{"@id":"https:\/\/begovic-bh.ba\/product\/adbluepremium-kanister-10l-pakovanje\/#primaryimage"},"image":{"@id":"https:\/\/begovic-bh.ba\/product\/adbluepremium-kanister-10l-pakovanje\/#primaryimage"},"thumbnailUrl":"https:\/\/begovic-bh.ba\/wp-content\/uploads\/2024\/06\/AdBlue-kanister-5l-1-Edited-1-1.jpg","datePublished":"2024-06-26T08:46:02+00:00","dateModified":"2025-12-09T12:55:10+00:00","description":"AdBlue\u00ae te\u010dnost u kanisteru od 5 litara predstavlja prakti\u010dno i pouzdano rje\u0161enje za voza\u010de i vlasnike vozila s dizelskim motorima.","breadcrumb":{"@id":"https:\/\/begovic-bh.ba\/product\/adbluepremium-kanister-10l-pakovanje\/#breadcrumb"},"inLanguage":"en-GB","potentialAction":[{"@type":"ReadAction","target":["https:\/\/begovic-bh.ba\/product\/adbluepremium-kanister-10l-pakovanje\/"]}]},{"@type":"ImageObject","inLanguage":"en-GB","@id":"https:\/\/begovic-bh.ba\/product\/adbluepremium-kanister-10l-pakovanje\/#primaryimage","url":"https:\/\/begovic-bh.ba\/wp-content\/uploads\/2024\/06\/AdBlue-kanister-5l-1-Edited-1-1.jpg","contentUrl":"https:\/\/begovic-bh.ba\/wp-content\/uploads\/2024\/06\/AdBlue-kanister-5l-1-Edited-1-1.jpg","width":800,"height":672},{"@type":"BreadcrumbList","@id":"https:\/\/begovic-bh.ba\/product\/adbluepremium-kanister-10l-pakovanje\/#breadcrumb","itemListElement":[{"@type":"ListItem","position":1,"name":"Home","item":"https:\/\/begovic-bh.ba\/"},{"@type":"ListItem","position":2,"name":"Products","item":"https:\/\/begovic-bh.ba\/shop\/"},{"@type":"ListItem","position":3,"name":"AdBlue\u00aeKanister (5L pakovanje)"}]},{"@type":"WebSite","@id":"https:\/\/begovic-bh.ba\/#website","url":"https:\/\/begovic-bh.ba\/","name":"Begovic BH d.o.o.","description":"AdBlue distributer","publisher":{"@id":"https:\/\/begovic-bh.ba\/#organization"},"potentialAction":[{"@type":"SearchAction","target":{"@type":"EntryPoint","urlTemplate":"https:\/\/begovic-bh.ba\/?s={search_term_string}"},"query-input":"required name=search_term_string"}],"inLanguage":"en-GB"},{"@type":"Organization","@id":"https:\/\/begovic-bh.ba\/#organization","name":"Begovic BH d.o.o.","url":"https:\/\/begovic-bh.ba\/","logo":{"@type":"ImageObject","inLanguage":"en-GB","@id":"https:\/\/begovic-bh.ba\/#\/schema\/logo\/image\/","url":"https:\/\/begovic-bh.ba\/wp-content\/uploads\/2024\/06\/bb-512.jpg","contentUrl":"https:\/\/begovic-bh.ba\/wp-content\/uploads\/2024\/06\/bb-512.jpg","width":512,"height":512,"caption":"Begovic BH d.o.o."},"image":{"@id":"https:\/\/begovic-bh.ba\/#\/schema\/logo\/image\/"}}]}},"_links":{"self":[{"href":"https:\/\/begovic-bh.ba\/en\/wp-json\/wp\/v2\/product\/725","targetHints":{"allow":["GET"]}}],"collection":[{"href":"https:\/\/begovic-bh.ba\/en\/wp-json\/wp\/v2\/product"}],"about":[{"href":"https:\/\/begovic-bh.ba\/en\/wp-json\/wp\/v2\/types\/product"}],"replies":[{"embeddable":true,"href":"https:\/\/begovic-bh.ba\/en\/wp-json\/wp\/v2\/comments?post=725"}],"wp:featuredmedia":[{"embeddable":true,"href":"https:\/\/begovic-bh.ba\/en\/wp-json\/wp\/v2\/media\/1583"}],"wp:attachment":[{"href":"https:\/\/begovic-bh.ba\/en\/wp-json\/wp\/v2\/media?parent=725"}],"wp:term":[{"taxonomy":"product_cat","embeddable":true,"href":"https:\/\/begovic-bh.ba\/en\/wp-json\/wp\/v2\/product_cat?post=725"},{"taxonomy":"product_tag","embeddable":true,"href":"https:\/\/begovic-bh.ba\/en\/wp-json\/wp\/v2\/product_tag?post=725"}],"curies":[{"name":"wp","href":"https:\/\/api.w.org\/{rel}","templated":true}]}}