{"id":829,"date":"2024-06-26T11:14:22","date_gmt":"2024-06-26T11:14:22","guid":{"rendered":"https:\/\/begovic-bh.ba\/?post_type=product&#038;p=829"},"modified":"2024-07-27T17:27:48","modified_gmt":"2024-07-27T17:27:48","slug":"winterclear-zimska-tecnost-za-brisace-3l-do-40c","status":"publish","type":"product","link":"https:\/\/begovic-bh.ba\/de\/product\/winterclear-zimska-tecnost-za-brisace-3l-do-40c\/","title":{"rendered":"WinterClear - Winter Scheibenwaschfl\u00fcssigkeit (3L bis -40\u00b0C)"},"content":{"rendered":"<p>WinterClear ist eine hochwertige Winter-Scheibenwischfl\u00fcssigkeit, die auch bei extremen K\u00e4ltebedingungen bis zu -40\u00b0C hervorragende Leistungen bietet. Diese speziell formulierte Fl\u00fcssigkeit sorgt f\u00fcr ein schnelles Schmelzen von Eis und Schnee von der Windschutzscheibe und gew\u00e4hrleistet eine klare Sicht und sicheres Fahren in den Wintermonaten.<\/p>\n<p>Die 3-Liter-Verpackung ist praktisch und kompakt, ideal f\u00fcr Fahrer, die zuverl\u00e4ssigen Schutz w\u00fcnschen, ohne h\u00e4ufig nachf\u00fcllen zu m\u00fcssen. WinterClear ist mit allen Fahrzeugtypen und Scheibenwischern kompatibel und bietet langanhaltenden Schutz vor Schmutz und Streusalz auf den Stra\u00dfen.<\/p>\n<p>W\u00e4hlen Sie WinterClear f\u00fcr den optimalen Schutz Ihrer Windschutzscheibe bei winterlichen Bedingungen. Mit diesem Scheibenwischwasser k\u00f6nnen Sie sicher sein, dass Sie auch bei den schwierigsten Wetterbedingungen einen kristallklaren Blick auf die Stra\u00dfe haben.<\/p>\n<p><img decoding=\"async\" class=\"alignnone size-medium wp-image-718\" src=\"https:\/\/begovic-bh.ba\/wp-content\/uploads\/2020\/10\/Asset-1-300x125.png\" alt=\"\" width=\"300\" height=\"125\" srcset=\"https:\/\/begovic-bh.ba\/wp-content\/uploads\/2020\/10\/Asset-1-300x125.png 300w, https:\/\/begovic-bh.ba\/wp-content\/uploads\/2020\/10\/Asset-1-600x250.png 600w, https:\/\/begovic-bh.ba\/wp-content\/uploads\/2020\/10\/Asset-1.png 656w\" sizes=\"(max-width: 300px) 100vw, 300px\" \/><\/p>","protected":false},"excerpt":{"rendered":"<p><strong>SKU:<\/strong> 3872840000833<\/p>","protected":false},"featured_media":830,"comment_status":"open","ping_status":"closed","template":"","meta":{"_acf_changed":false},"product_cat":[51],"product_tag":[],"class_list":{"0":"post-829","1":"product","2":"type-product","3":"status-publish","4":"has-post-thumbnail","6":"product_cat-tecnosti-za-brisace","8":"first","9":"instock","10":"shipping-taxable","11":"product-type-simple"},"acf":[],"yoast_head":"<!-- This site is optimized with the Yoast SEO Premium plugin v23.1 (Yoast SEO v23.1) - https:\/\/yoast.com\/wordpress\/plugins\/seo\/ -->\n<title>WinterClear - Zimska te\u010dnost za brisa\u010de (3l do -40\u00b0C)<\/title>\n<meta name=\"description\" content=\"WinterClear je visokokvalitetna zimska te\u010dnost za brisa\u010de koja pru\u017ea izvanredne performanse \u010dak i u ekstremno hladnim uvjetima do -40\u00b0C.\" \/>\n<meta name=\"robots\" content=\"index, follow, max-snippet:-1, max-image-preview:large, max-video-preview:-1\" \/>\n<link rel=\"canonical\" href=\"https:\/\/begovic-bh.ba\/de\/product\/winterclear-zimska-tecnost-za-brisace-3l-do-40c\/\" \/>\n<meta property=\"og:locale\" content=\"de_DE\" \/>\n<meta property=\"og:type\" content=\"article\" \/>\n<meta property=\"og:title\" content=\"WinterClear - Zimska te\u010dnost za brisa\u010de (3l do -40\u00b0C)\" \/>\n<meta property=\"og:description\" content=\"WinterClear je visokokvalitetna zimska te\u010dnost za brisa\u010de koja pru\u017ea izvanredne performanse \u010dak i u ekstremno hladnim uvjetima do -40\u00b0C.\" \/>\n<meta property=\"og:url\" content=\"https:\/\/begovic-bh.ba\/de\/product\/winterclear-zimska-tecnost-za-brisace-3l-do-40c\/\" \/>\n<meta property=\"og:site_name\" content=\"Begovi\u0107 BH d.o.o.\" \/>\n<meta property=\"article:modified_time\" content=\"2024-07-27T17:27:48+00:00\" \/>\n<meta property=\"og:image\" content=\"https:\/\/begovic-bh.ba\/wp-content\/uploads\/2024\/06\/Zimska-tecnost-40.jpg\" \/>\n\t<meta property=\"og:image:width\" content=\"800\" \/>\n\t<meta property=\"og:image:height\" content=\"672\" \/>\n\t<meta property=\"og:image:type\" content=\"image\/jpeg\" \/>\n<meta name=\"twitter:card\" content=\"summary_large_image\" \/>\n<meta name=\"twitter:label1\" content=\"Gesch\u00e4tzte Lesezeit\" \/>\n\t<meta name=\"twitter:data1\" content=\"2\u00a0Minuten\" \/>\n<script type=\"application\/ld+json\" class=\"yoast-schema-graph\">{\"@context\":\"https:\/\/schema.org\",\"@graph\":[{\"@type\":\"WebPage\",\"@id\":\"https:\/\/begovic-bh.ba\/product\/winterclear-zimska-tecnost-za-brisace-3l-do-40c\/\",\"url\":\"https:\/\/begovic-bh.ba\/product\/winterclear-zimska-tecnost-za-brisace-3l-do-40c\/\",\"name\":\"WinterClear - Zimska te\u010dnost za brisa\u010de (3l do -40\u00b0C)\",\"isPartOf\":{\"@id\":\"https:\/\/begovic-bh.ba\/#website\"},\"primaryImageOfPage\":{\"@id\":\"https:\/\/begovic-bh.ba\/product\/winterclear-zimska-tecnost-za-brisace-3l-do-40c\/#primaryimage\"},\"image\":{\"@id\":\"https:\/\/begovic-bh.ba\/product\/winterclear-zimska-tecnost-za-brisace-3l-do-40c\/#primaryimage\"},\"thumbnailUrl\":\"https:\/\/begovic-bh.ba\/wp-content\/uploads\/2024\/06\/Zimska-tecnost-40.jpg\",\"datePublished\":\"2024-06-26T11:14:22+00:00\",\"dateModified\":\"2024-07-27T17:27:48+00:00\",\"description\":\"WinterClear je visokokvalitetna zimska te\u010dnost za brisa\u010de koja pru\u017ea izvanredne performanse \u010dak i u ekstremno hladnim uvjetima do -40\u00b0C.\",\"breadcrumb\":{\"@id\":\"https:\/\/begovic-bh.ba\/product\/winterclear-zimska-tecnost-za-brisace-3l-do-40c\/#breadcrumb\"},\"inLanguage\":\"de\",\"potentialAction\":[{\"@type\":\"ReadAction\",\"target\":[\"https:\/\/begovic-bh.ba\/product\/winterclear-zimska-tecnost-za-brisace-3l-do-40c\/\"]}]},{\"@type\":\"ImageObject\",\"inLanguage\":\"de\",\"@id\":\"https:\/\/begovic-bh.ba\/product\/winterclear-zimska-tecnost-za-brisace-3l-do-40c\/#primaryimage\",\"url\":\"https:\/\/begovic-bh.ba\/wp-content\/uploads\/2024\/06\/Zimska-tecnost-40.jpg\",\"contentUrl\":\"https:\/\/begovic-bh.ba\/wp-content\/uploads\/2024\/06\/Zimska-tecnost-40.jpg\",\"width\":800,\"height\":672},{\"@type\":\"BreadcrumbList\",\"@id\":\"https:\/\/begovic-bh.ba\/product\/winterclear-zimska-tecnost-za-brisace-3l-do-40c\/#breadcrumb\",\"itemListElement\":[{\"@type\":\"ListItem\",\"position\":1,\"name\":\"Home\",\"item\":\"https:\/\/begovic-bh.ba\/\"},{\"@type\":\"ListItem\",\"position\":2,\"name\":\"Products\",\"item\":\"https:\/\/begovic-bh.ba\/shop\/\"},{\"@type\":\"ListItem\",\"position\":3,\"name\":\"WinterClear &#8211; Zimska te\u010dnost za brisa\u010de (3l do -40\u00b0C)\"}]},{\"@type\":\"WebSite\",\"@id\":\"https:\/\/begovic-bh.ba\/#website\",\"url\":\"https:\/\/begovic-bh.ba\/\",\"name\":\"Begovic BH d.o.o.\",\"description\":\"AdBlue distributer\",\"publisher\":{\"@id\":\"https:\/\/begovic-bh.ba\/#organization\"},\"potentialAction\":[{\"@type\":\"SearchAction\",\"target\":{\"@type\":\"EntryPoint\",\"urlTemplate\":\"https:\/\/begovic-bh.ba\/?s={search_term_string}\"},\"query-input\":\"required name=search_term_string\"}],\"inLanguage\":\"de\"},{\"@type\":\"Organization\",\"@id\":\"https:\/\/begovic-bh.ba\/#organization\",\"name\":\"Begovic BH d.o.o.\",\"url\":\"https:\/\/begovic-bh.ba\/\",\"logo\":{\"@type\":\"ImageObject\",\"inLanguage\":\"de\",\"@id\":\"https:\/\/begovic-bh.ba\/#\/schema\/logo\/image\/\",\"url\":\"https:\/\/begovic-bh.ba\/wp-content\/uploads\/2024\/06\/bb-512.jpg\",\"contentUrl\":\"https:\/\/begovic-bh.ba\/wp-content\/uploads\/2024\/06\/bb-512.jpg\",\"width\":512,\"height\":512,\"caption\":\"Begovic BH d.o.o.\"},\"image\":{\"@id\":\"https:\/\/begovic-bh.ba\/#\/schema\/logo\/image\/\"}}]}<\/script>\n<!-- \/ Yoast SEO Premium plugin. -->","yoast_head_json":{"title":"WinterClear - Zimska te\u010dnost za brisa\u010de (3l do -40\u00b0C)","description":"WinterClear je visokokvalitetna zimska te\u010dnost za brisa\u010de koja pru\u017ea izvanredne performanse \u010dak i u ekstremno hladnim uvjetima do -40\u00b0C.","robots":{"index":"index","follow":"follow","max-snippet":"max-snippet:-1","max-image-preview":"max-image-preview:large","max-video-preview":"max-video-preview:-1"},"canonical":"https:\/\/begovic-bh.ba\/de\/product\/winterclear-zimska-tecnost-za-brisace-3l-do-40c\/","og_locale":"de_DE","og_type":"article","og_title":"WinterClear - Zimska te\u010dnost za brisa\u010de (3l do -40\u00b0C)","og_description":"WinterClear je visokokvalitetna zimska te\u010dnost za brisa\u010de koja pru\u017ea izvanredne performanse \u010dak i u ekstremno hladnim uvjetima do -40\u00b0C.","og_url":"https:\/\/begovic-bh.ba\/de\/product\/winterclear-zimska-tecnost-za-brisace-3l-do-40c\/","og_site_name":"Begovi\u0107 BH d.o.o.","article_modified_time":"2024-07-27T17:27:48+00:00","og_image":[{"width":800,"height":672,"url":"https:\/\/begovic-bh.ba\/wp-content\/uploads\/2024\/06\/Zimska-tecnost-40.jpg","type":"image\/jpeg"}],"twitter_card":"summary_large_image","twitter_misc":{"Gesch\u00e4tzte Lesezeit":"2\u00a0Minuten"},"schema":{"@context":"https:\/\/schema.org","@graph":[{"@type":"WebPage","@id":"https:\/\/begovic-bh.ba\/product\/winterclear-zimska-tecnost-za-brisace-3l-do-40c\/","url":"https:\/\/begovic-bh.ba\/product\/winterclear-zimska-tecnost-za-brisace-3l-do-40c\/","name":"WinterClear - Zimska te\u010dnost za brisa\u010de (3l do -40\u00b0C)","isPartOf":{"@id":"https:\/\/begovic-bh.ba\/#website"},"primaryImageOfPage":{"@id":"https:\/\/begovic-bh.ba\/product\/winterclear-zimska-tecnost-za-brisace-3l-do-40c\/#primaryimage"},"image":{"@id":"https:\/\/begovic-bh.ba\/product\/winterclear-zimska-tecnost-za-brisace-3l-do-40c\/#primaryimage"},"thumbnailUrl":"https:\/\/begovic-bh.ba\/wp-content\/uploads\/2024\/06\/Zimska-tecnost-40.jpg","datePublished":"2024-06-26T11:14:22+00:00","dateModified":"2024-07-27T17:27:48+00:00","description":"WinterClear je visokokvalitetna zimska te\u010dnost za brisa\u010de koja pru\u017ea izvanredne performanse \u010dak i u ekstremno hladnim uvjetima do -40\u00b0C.","breadcrumb":{"@id":"https:\/\/begovic-bh.ba\/product\/winterclear-zimska-tecnost-za-brisace-3l-do-40c\/#breadcrumb"},"inLanguage":"de","potentialAction":[{"@type":"ReadAction","target":["https:\/\/begovic-bh.ba\/product\/winterclear-zimska-tecnost-za-brisace-3l-do-40c\/"]}]},{"@type":"ImageObject","inLanguage":"de","@id":"https:\/\/begovic-bh.ba\/product\/winterclear-zimska-tecnost-za-brisace-3l-do-40c\/#primaryimage","url":"https:\/\/begovic-bh.ba\/wp-content\/uploads\/2024\/06\/Zimska-tecnost-40.jpg","contentUrl":"https:\/\/begovic-bh.ba\/wp-content\/uploads\/2024\/06\/Zimska-tecnost-40.jpg","width":800,"height":672},{"@type":"BreadcrumbList","@id":"https:\/\/begovic-bh.ba\/product\/winterclear-zimska-tecnost-za-brisace-3l-do-40c\/#breadcrumb","itemListElement":[{"@type":"ListItem","position":1,"name":"Home","item":"https:\/\/begovic-bh.ba\/"},{"@type":"ListItem","position":2,"name":"Products","item":"https:\/\/begovic-bh.ba\/shop\/"},{"@type":"ListItem","position":3,"name":"WinterClear &#8211; Zimska te\u010dnost za brisa\u010de (3l do -40\u00b0C)"}]},{"@type":"WebSite","@id":"https:\/\/begovic-bh.ba\/#website","url":"https:\/\/begovic-bh.ba\/","name":"Begovic BH d.o.o.","description":"AdBlue distributer","publisher":{"@id":"https:\/\/begovic-bh.ba\/#organization"},"potentialAction":[{"@type":"SearchAction","target":{"@type":"EntryPoint","urlTemplate":"https:\/\/begovic-bh.ba\/?s={search_term_string}"},"query-input":"required name=search_term_string"}],"inLanguage":"de"},{"@type":"Organization","@id":"https:\/\/begovic-bh.ba\/#organization","name":"Begovic BH d.o.o.","url":"https:\/\/begovic-bh.ba\/","logo":{"@type":"ImageObject","inLanguage":"de","@id":"https:\/\/begovic-bh.ba\/#\/schema\/logo\/image\/","url":"https:\/\/begovic-bh.ba\/wp-content\/uploads\/2024\/06\/bb-512.jpg","contentUrl":"https:\/\/begovic-bh.ba\/wp-content\/uploads\/2024\/06\/bb-512.jpg","width":512,"height":512,"caption":"Begovic BH d.o.o."},"image":{"@id":"https:\/\/begovic-bh.ba\/#\/schema\/logo\/image\/"}}]}},"_links":{"self":[{"href":"https:\/\/begovic-bh.ba\/de\/wp-json\/wp\/v2\/product\/829","targetHints":{"allow":["GET"]}}],"collection":[{"href":"https:\/\/begovic-bh.ba\/de\/wp-json\/wp\/v2\/product"}],"about":[{"href":"https:\/\/begovic-bh.ba\/de\/wp-json\/wp\/v2\/types\/product"}],"replies":[{"embeddable":true,"href":"https:\/\/begovic-bh.ba\/de\/wp-json\/wp\/v2\/comments?post=829"}],"wp:featuredmedia":[{"embeddable":true,"href":"https:\/\/begovic-bh.ba\/de\/wp-json\/wp\/v2\/media\/830"}],"wp:attachment":[{"href":"https:\/\/begovic-bh.ba\/de\/wp-json\/wp\/v2\/media?parent=829"}],"wp:term":[{"taxonomy":"product_cat","embeddable":true,"href":"https:\/\/begovic-bh.ba\/de\/wp-json\/wp\/v2\/product_cat?post=829"},{"taxonomy":"product_tag","embeddable":true,"href":"https:\/\/begovic-bh.ba\/de\/wp-json\/wp\/v2\/product_tag?post=829"}],"curies":[{"name":"wp","href":"https:\/\/api.w.org\/{rel}","templated":true}]}}