{"id":1347,"date":"2024-07-22T14:43:54","date_gmt":"2024-07-22T14:43:54","guid":{"rendered":"https:\/\/begovic-bh.ba\/?post_type=product&#038;p=1347"},"modified":"2025-12-09T13:31:05","modified_gmt":"2025-12-09T13:31:05","slug":"summerclear-ljetna-tecnost-za-brisace-3l","status":"publish","type":"product","link":"https:\/\/begovic-bh.ba\/de\/product\/summerclear-ljetna-tecnost-za-brisace-3l\/","title":{"rendered":"SummerClear \u2013 Sommer-Scheibenwaschfl\u00fcssigkeit 3l"},"content":{"rendered":"<p>SummerClear ist ein hochwertiges Scheibenwaschmittel, das entwickelt wurde, um au\u00dfergew\u00f6hnliche Leistung und Zuverl\u00e4ssigkeit bei warmem Wetter zu bieten. Diese speziell formulierte Fl\u00fcssigkeit sorgt f\u00fcr eine schnelle und effektive Entfernung von Insekten, Schmutz und anderen R\u00fcckst\u00e4nden von Ihrer Windschutzscheibe und gew\u00e4hrleistet eine kristallklare Sicht und sicheres Fahren in den Sommermonaten.<\/p>\n<p>Die 3-Liter-Verpackung bietet ausreichend Fl\u00fcssigkeit f\u00fcr einen langanhaltenden Schutz w\u00e4hrend der gesamten Sommersaison. SummerClear ist mit allen Fahrzeugtypen und Scheibenwischern kompatibel und wurde entwickelt, um die Windschutzscheibe effektiv von Stra\u00dfenschmutz und Staub zu reinigen und zu sch\u00fctzen.<\/p>\n<p>W\u00e4hlen Sie SummerClear f\u00fcr den besten Schutz Ihrer Windschutzscheibe bei warmen Wetterbedingungen. Mit SummerClear Scheibenwaschfl\u00fcssigkeit k\u00f6nnen Sie sicher sein, dass Ihre Fahrt sicher und sorgenfrei ist, selbst bei sommerlicher Hitze.<\/p>\n<p><img decoding=\"async\" class=\"alignnone size-medium wp-image-718\" src=\"https:\/\/begovic-bh.ba\/wp-content\/uploads\/2020\/10\/Asset-1-300x125.png\" alt=\"\" width=\"300\" height=\"125\" srcset=\"https:\/\/begovic-bh.ba\/wp-content\/uploads\/2020\/10\/Asset-1-300x125.png 300w, https:\/\/begovic-bh.ba\/wp-content\/uploads\/2020\/10\/Asset-1-600x250.png 600w, https:\/\/begovic-bh.ba\/wp-content\/uploads\/2020\/10\/Asset-1.png 656w\" sizes=\"(max-width: 300px) 100vw, 300px\" \/><\/p>","protected":false},"excerpt":{"rendered":"<p><strong>SKU: 3872840000826<\/strong><\/p>","protected":false},"featured_media":1588,"comment_status":"open","ping_status":"closed","template":"","meta":{"_acf_changed":false},"product_cat":[51],"product_tag":[],"class_list":{"0":"post-1347","1":"product","2":"type-product","3":"status-publish","4":"has-post-thumbnail","6":"product_cat-tecnosti-za-brisace","8":"first","9":"instock","10":"shipping-taxable","11":"product-type-simple"},"acf":[],"yoast_head":"<!-- This site is optimized with the Yoast SEO Premium plugin v23.1 (Yoast SEO v23.1) - https:\/\/yoast.com\/wordpress\/plugins\/seo\/ -->\n<title>SummerClear - Ljetna te\u010dnost za brisa\u010de 3l<\/title>\n<meta name=\"description\" content=\"SummerClear je visokokvalitetna te\u010dnost za pranje vjetrobrana, dizajnirana da pru\u017ei izuzetne performanse i pouzdanost u toplim vremenskim uslovima.\" \/>\n<meta name=\"robots\" content=\"index, follow, max-snippet:-1, max-image-preview:large, max-video-preview:-1\" \/>\n<link rel=\"canonical\" href=\"https:\/\/begovic-bh.ba\/de\/product\/summerclear-ljetna-tecnost-za-brisace-3l\/\" \/>\n<meta property=\"og:locale\" content=\"de_DE\" \/>\n<meta property=\"og:type\" content=\"article\" \/>\n<meta property=\"og:title\" content=\"SummerClear - Ljetna te\u010dnost za brisa\u010de 3l\" \/>\n<meta property=\"og:description\" content=\"SummerClear je visokokvalitetna te\u010dnost za pranje vjetrobrana, dizajnirana da pru\u017ei izuzetne performanse i pouzdanost u toplim vremenskim uslovima.\" \/>\n<meta property=\"og:url\" content=\"https:\/\/begovic-bh.ba\/de\/product\/summerclear-ljetna-tecnost-za-brisace-3l\/\" \/>\n<meta property=\"og:site_name\" content=\"Begovi\u0107 BH d.o.o.\" \/>\n<meta property=\"article:modified_time\" content=\"2025-12-09T13:31:05+00:00\" \/>\n<meta property=\"og:image\" content=\"https:\/\/begovic-bh.ba\/wp-content\/uploads\/2024\/07\/3l-bp-1-Edited-1.jpg\" \/>\n\t<meta property=\"og:image:width\" content=\"800\" \/>\n\t<meta property=\"og:image:height\" content=\"672\" \/>\n\t<meta property=\"og:image:type\" content=\"image\/jpeg\" \/>\n<meta name=\"twitter:card\" content=\"summary_large_image\" \/>\n<meta name=\"twitter:label1\" content=\"Gesch\u00e4tzte Lesezeit\" \/>\n\t<meta name=\"twitter:data1\" content=\"2\u00a0Minuten\" \/>\n<script type=\"application\/ld+json\" class=\"yoast-schema-graph\">{\"@context\":\"https:\/\/schema.org\",\"@graph\":[{\"@type\":\"WebPage\",\"@id\":\"https:\/\/begovic-bh.ba\/product\/summerclear-ljetna-tecnost-za-brisace-3l\/\",\"url\":\"https:\/\/begovic-bh.ba\/product\/summerclear-ljetna-tecnost-za-brisace-3l\/\",\"name\":\"SummerClear - Ljetna te\u010dnost za brisa\u010de 3l\",\"isPartOf\":{\"@id\":\"https:\/\/begovic-bh.ba\/#website\"},\"primaryImageOfPage\":{\"@id\":\"https:\/\/begovic-bh.ba\/product\/summerclear-ljetna-tecnost-za-brisace-3l\/#primaryimage\"},\"image\":{\"@id\":\"https:\/\/begovic-bh.ba\/product\/summerclear-ljetna-tecnost-za-brisace-3l\/#primaryimage\"},\"thumbnailUrl\":\"https:\/\/begovic-bh.ba\/wp-content\/uploads\/2024\/07\/3l-bp-1-Edited-1.jpg\",\"datePublished\":\"2024-07-22T14:43:54+00:00\",\"dateModified\":\"2025-12-09T13:31:05+00:00\",\"description\":\"SummerClear je visokokvalitetna te\u010dnost za pranje vjetrobrana, dizajnirana da pru\u017ei izuzetne performanse i pouzdanost u toplim vremenskim uslovima.\",\"breadcrumb\":{\"@id\":\"https:\/\/begovic-bh.ba\/product\/summerclear-ljetna-tecnost-za-brisace-3l\/#breadcrumb\"},\"inLanguage\":\"de\",\"potentialAction\":[{\"@type\":\"ReadAction\",\"target\":[\"https:\/\/begovic-bh.ba\/product\/summerclear-ljetna-tecnost-za-brisace-3l\/\"]}]},{\"@type\":\"ImageObject\",\"inLanguage\":\"de\",\"@id\":\"https:\/\/begovic-bh.ba\/product\/summerclear-ljetna-tecnost-za-brisace-3l\/#primaryimage\",\"url\":\"https:\/\/begovic-bh.ba\/wp-content\/uploads\/2024\/07\/3l-bp-1-Edited-1.jpg\",\"contentUrl\":\"https:\/\/begovic-bh.ba\/wp-content\/uploads\/2024\/07\/3l-bp-1-Edited-1.jpg\",\"width\":800,\"height\":672},{\"@type\":\"BreadcrumbList\",\"@id\":\"https:\/\/begovic-bh.ba\/product\/summerclear-ljetna-tecnost-za-brisace-3l\/#breadcrumb\",\"itemListElement\":[{\"@type\":\"ListItem\",\"position\":1,\"name\":\"Home\",\"item\":\"https:\/\/begovic-bh.ba\/\"},{\"@type\":\"ListItem\",\"position\":2,\"name\":\"Products\",\"item\":\"https:\/\/begovic-bh.ba\/shop\/\"},{\"@type\":\"ListItem\",\"position\":3,\"name\":\"SummerClear &#8211; Ljetna te\u010dnost za brisa\u010de 3l\"}]},{\"@type\":\"WebSite\",\"@id\":\"https:\/\/begovic-bh.ba\/#website\",\"url\":\"https:\/\/begovic-bh.ba\/\",\"name\":\"Begovic BH d.o.o.\",\"description\":\"AdBlue distributer\",\"publisher\":{\"@id\":\"https:\/\/begovic-bh.ba\/#organization\"},\"potentialAction\":[{\"@type\":\"SearchAction\",\"target\":{\"@type\":\"EntryPoint\",\"urlTemplate\":\"https:\/\/begovic-bh.ba\/?s={search_term_string}\"},\"query-input\":\"required name=search_term_string\"}],\"inLanguage\":\"de\"},{\"@type\":\"Organization\",\"@id\":\"https:\/\/begovic-bh.ba\/#organization\",\"name\":\"Begovic BH d.o.o.\",\"url\":\"https:\/\/begovic-bh.ba\/\",\"logo\":{\"@type\":\"ImageObject\",\"inLanguage\":\"de\",\"@id\":\"https:\/\/begovic-bh.ba\/#\/schema\/logo\/image\/\",\"url\":\"https:\/\/begovic-bh.ba\/wp-content\/uploads\/2024\/06\/bb-512.jpg\",\"contentUrl\":\"https:\/\/begovic-bh.ba\/wp-content\/uploads\/2024\/06\/bb-512.jpg\",\"width\":512,\"height\":512,\"caption\":\"Begovic BH d.o.o.\"},\"image\":{\"@id\":\"https:\/\/begovic-bh.ba\/#\/schema\/logo\/image\/\"}}]}<\/script>\n<!-- \/ Yoast SEO Premium plugin. -->","yoast_head_json":{"title":"SummerClear - Ljetna te\u010dnost za brisa\u010de 3l","description":"SummerClear je visokokvalitetna te\u010dnost za pranje vjetrobrana, dizajnirana da pru\u017ei izuzetne performanse i pouzdanost u toplim vremenskim uslovima.","robots":{"index":"index","follow":"follow","max-snippet":"max-snippet:-1","max-image-preview":"max-image-preview:large","max-video-preview":"max-video-preview:-1"},"canonical":"https:\/\/begovic-bh.ba\/de\/product\/summerclear-ljetna-tecnost-za-brisace-3l\/","og_locale":"de_DE","og_type":"article","og_title":"SummerClear - Ljetna te\u010dnost za brisa\u010de 3l","og_description":"SummerClear je visokokvalitetna te\u010dnost za pranje vjetrobrana, dizajnirana da pru\u017ei izuzetne performanse i pouzdanost u toplim vremenskim uslovima.","og_url":"https:\/\/begovic-bh.ba\/de\/product\/summerclear-ljetna-tecnost-za-brisace-3l\/","og_site_name":"Begovi\u0107 BH d.o.o.","article_modified_time":"2025-12-09T13:31:05+00:00","og_image":[{"width":800,"height":672,"url":"https:\/\/begovic-bh.ba\/wp-content\/uploads\/2024\/07\/3l-bp-1-Edited-1.jpg","type":"image\/jpeg"}],"twitter_card":"summary_large_image","twitter_misc":{"Gesch\u00e4tzte Lesezeit":"2\u00a0Minuten"},"schema":{"@context":"https:\/\/schema.org","@graph":[{"@type":"WebPage","@id":"https:\/\/begovic-bh.ba\/product\/summerclear-ljetna-tecnost-za-brisace-3l\/","url":"https:\/\/begovic-bh.ba\/product\/summerclear-ljetna-tecnost-za-brisace-3l\/","name":"SummerClear - Ljetna te\u010dnost za brisa\u010de 3l","isPartOf":{"@id":"https:\/\/begovic-bh.ba\/#website"},"primaryImageOfPage":{"@id":"https:\/\/begovic-bh.ba\/product\/summerclear-ljetna-tecnost-za-brisace-3l\/#primaryimage"},"image":{"@id":"https:\/\/begovic-bh.ba\/product\/summerclear-ljetna-tecnost-za-brisace-3l\/#primaryimage"},"thumbnailUrl":"https:\/\/begovic-bh.ba\/wp-content\/uploads\/2024\/07\/3l-bp-1-Edited-1.jpg","datePublished":"2024-07-22T14:43:54+00:00","dateModified":"2025-12-09T13:31:05+00:00","description":"SummerClear je visokokvalitetna te\u010dnost za pranje vjetrobrana, dizajnirana da pru\u017ei izuzetne performanse i pouzdanost u toplim vremenskim uslovima.","breadcrumb":{"@id":"https:\/\/begovic-bh.ba\/product\/summerclear-ljetna-tecnost-za-brisace-3l\/#breadcrumb"},"inLanguage":"de","potentialAction":[{"@type":"ReadAction","target":["https:\/\/begovic-bh.ba\/product\/summerclear-ljetna-tecnost-za-brisace-3l\/"]}]},{"@type":"ImageObject","inLanguage":"de","@id":"https:\/\/begovic-bh.ba\/product\/summerclear-ljetna-tecnost-za-brisace-3l\/#primaryimage","url":"https:\/\/begovic-bh.ba\/wp-content\/uploads\/2024\/07\/3l-bp-1-Edited-1.jpg","contentUrl":"https:\/\/begovic-bh.ba\/wp-content\/uploads\/2024\/07\/3l-bp-1-Edited-1.jpg","width":800,"height":672},{"@type":"BreadcrumbList","@id":"https:\/\/begovic-bh.ba\/product\/summerclear-ljetna-tecnost-za-brisace-3l\/#breadcrumb","itemListElement":[{"@type":"ListItem","position":1,"name":"Home","item":"https:\/\/begovic-bh.ba\/"},{"@type":"ListItem","position":2,"name":"Products","item":"https:\/\/begovic-bh.ba\/shop\/"},{"@type":"ListItem","position":3,"name":"SummerClear &#8211; Ljetna te\u010dnost za brisa\u010de 3l"}]},{"@type":"WebSite","@id":"https:\/\/begovic-bh.ba\/#website","url":"https:\/\/begovic-bh.ba\/","name":"Begovic BH d.o.o.","description":"AdBlue distributer","publisher":{"@id":"https:\/\/begovic-bh.ba\/#organization"},"potentialAction":[{"@type":"SearchAction","target":{"@type":"EntryPoint","urlTemplate":"https:\/\/begovic-bh.ba\/?s={search_term_string}"},"query-input":"required name=search_term_string"}],"inLanguage":"de"},{"@type":"Organization","@id":"https:\/\/begovic-bh.ba\/#organization","name":"Begovic BH d.o.o.","url":"https:\/\/begovic-bh.ba\/","logo":{"@type":"ImageObject","inLanguage":"de","@id":"https:\/\/begovic-bh.ba\/#\/schema\/logo\/image\/","url":"https:\/\/begovic-bh.ba\/wp-content\/uploads\/2024\/06\/bb-512.jpg","contentUrl":"https:\/\/begovic-bh.ba\/wp-content\/uploads\/2024\/06\/bb-512.jpg","width":512,"height":512,"caption":"Begovic BH d.o.o."},"image":{"@id":"https:\/\/begovic-bh.ba\/#\/schema\/logo\/image\/"}}]}},"_links":{"self":[{"href":"https:\/\/begovic-bh.ba\/de\/wp-json\/wp\/v2\/product\/1347","targetHints":{"allow":["GET"]}}],"collection":[{"href":"https:\/\/begovic-bh.ba\/de\/wp-json\/wp\/v2\/product"}],"about":[{"href":"https:\/\/begovic-bh.ba\/de\/wp-json\/wp\/v2\/types\/product"}],"replies":[{"embeddable":true,"href":"https:\/\/begovic-bh.ba\/de\/wp-json\/wp\/v2\/comments?post=1347"}],"wp:featuredmedia":[{"embeddable":true,"href":"https:\/\/begovic-bh.ba\/de\/wp-json\/wp\/v2\/media\/1588"}],"wp:attachment":[{"href":"https:\/\/begovic-bh.ba\/de\/wp-json\/wp\/v2\/media?parent=1347"}],"wp:term":[{"taxonomy":"product_cat","embeddable":true,"href":"https:\/\/begovic-bh.ba\/de\/wp-json\/wp\/v2\/product_cat?post=1347"},{"taxonomy":"product_tag","embeddable":true,"href":"https:\/\/begovic-bh.ba\/de\/wp-json\/wp\/v2\/product_tag?post=1347"}],"curies":[{"name":"wp","href":"https:\/\/api.w.org\/{rel}","templated":true}]}}